{"id":133,"date":"2015-03-22T13:43:06","date_gmt":"2015-03-22T12:43:06","guid":{"rendered":"http:\/\/www.viaggioefossiliappennino.org\/?page_id=133"},"modified":"2017-05-21T13:11:05","modified_gmt":"2017-05-21T11:11:05","slug":"ramificazione-evolutiva-degli-ammoniti-hildoceratidae","status":"publish","type":"page","link":"https:\/\/www.viaggioefossiliappennino.org\/?page_id=133","title":{"rendered":"Ramificazione evolutiva degli ammoniti Hildoceratidae"},"content":{"rendered":"<p><a href=\"http:\/\/www.viaggioefossiliappennino.org\/wp-content\/uploads\/2015\/03\/F6tris.png\"><img decoding=\"async\" src=\"http:\/\/www.viaggioefossiliappennino.org\/wp-content\/uploads\/2015\/03\/F6tris-300x212.png\" alt=\"Ramificazione evolutiva degli ammoniti Hildoceratidae\" width=\"400\" class=\"alignnone size-medium wp-image-138\" srcset=\"https:\/\/www.viaggioefossiliappennino.org\/wp-content\/uploads\/2015\/03\/F6tris-300x212.png 300w, https:\/\/www.viaggioefossiliappennino.org\/wp-content\/uploads\/2015\/03\/F6tris-1024x724.png 1024w\" sizes=\"(max-width: 300px) 100vw, 300px\" \/><\/a><br \/>\nAd integraziuone delle figura precedente dove c&#8217;\u00e8 la stratigrafia ma mancano le figure dei fossili.<\/p>\n<p>la ramificazione \u00e8 la pi\u00f9 completa fino ad ora ricostruita comprendendo 18 generi esistiti in un tempo di circa 4,5 milioni di anni. Le barre verticali che indicano la distribuzione cronologica sono colorate: in giallo gli Hildoceratinae, in azzurro i Mercaticeratinae, in verde i Phymatoceratidae (oppure meglio indicabili come Merlaitidae nov.). I disegni permettono di valutare con obbiettivit\u00e0 le differenze morfologiche e i passaggi relativi alle sottofamiglie e alle famiglie; quello tra Hildoceratinae e Mercaticeratinae \u00e8 marcato da una barretta rossa sottile, quello tra Mercaticeratinae e Merlaitidae \u00e8 marcato da una barretta larga.I passaggi tra un genere e l&#8217;altro sono indidatri da rette sottili.<\/p>\n<p>E&#8217; evidente il significato morfo-funzionale dell&#8217;evoluzione che ha per tema principale la realizzazione di conchiglie idrodinamiche per aumento dell&#8217;avvolgimento, dell&#8217;appiattimento della spira e della proiezione ventrale delle coste. Nel caso degli Hildoceras la morfologia conchigliare \u00e8 mediamente idrodinamica, mentre nei Merlaites \u00e8 idrodinamica spinta come suggerisce la forma lenticolare.<br \/>\nLa valutazione delle relazioni filetiche, basata su abbondante materiale, trovato su uno spessore stratigrafico di circa 8 m di &#8220;Rosso Ammoniti co&#8221;,tiene conto di una ventina di caratteri per lo pi\u00f9 qualitativi, ivi compreso l&#8217;andamento delle suture settali. Infatti i modelli interni pietrosi dei campioni le conservano spesso su un lato e sui frammenti anche nella parte interna.<br \/>\nSi pu\u00f2 sostenere la convinzione che ci siano chiari indizi di selezione naturale, di gradualismo darwiniano e di speciazione simpatrica, cio\u00e8 avvenuta nella stessa area geografica (Tetide occidentale). L&#8217;evoluzione non \u00e8 imputabile alle variazioni ambientali, ma, sembra, alla pressione selettiva dovuta alla continua necessit\u00e0 dei molluschi di difendersi dall&#8217;attacco dei predatori. Infatti questi, tramite rapidi scatti all&#8217;in dietro, probabilmente intorbidivano l&#8217;acqua espulsa (locomozione e Jet), come fanno i cefalopodi attuali utilizzando la ghiandola del nero (seppie, calamari, polpi ecc..).<\/p>\n<p>Oltre al motivo principale dell&#8217;evoluzione,cio\u00e8 la difesa dall&#8217;attaco di predatori, si possono per\u00f2 avanzare altri motivi, che ancora non sono stati scoperti, ipotizzabili ad es. per ammoniti con conchiglia non idrodinamica (Cingolites, Orthildaites, Mercaticeras, Crassiceras, Brodieia ecc..). Questi forse erano stimolati da fattori alternativi a quelli legati all&#8217;idrodinamicit\u00e0; probabilmente agevolavano la vita degli animali in altro modo.<br \/>\nDal punto di vista tassonomico la ricostruzione evolutiva per le forme tetidee porta a deduzioni originali. Per la scuola tradizionale inglese (vedi &#8220;Treatise&#8221;, ammoniti Psiloceratoidea, Eoderoceratoidea, Hildoceratoidea, rivisto da Howarth 2013) i generi, Praemercaticeras, Cingolites, Urkutites e Merlaites non sarebbero validi; i Mercaticeras farebbero parte degli Hildoceratinae e quindi non sarebbe valida la sottofamiglia Mercaticeratinae; i Crassiceras, Pseudomercaticeras e Brodieia sarebbero tutti inseribili nella sottofamiglia Phymatoceratinae, che naturalmente appartiene ai Phymatoceratidae. Per noi tale concezione \u00e8 troppo retriva, non tiene sufficientemente conto delle scoperte avvenute in ambito mediterraneo e svilisce la ricostruzione filetica che a noi sembra qui ben indagata e motivata. Inoltre non tiene conto delle differenze giri interni &#8211; esterni per dedurre le derivazioni filetiche. Non tiene conto anche che la gran parte degli Hildoceratidae hanno avuto origine tetidea, dove il mare tropicale offriva molte opportunit\u00e0 ambientali e la fauna marinasi diversificava maggiormente.<\/p>\n<p>Un&#8217;altra osservazione che si pu\u00f2 fare a tale argomento riguarda l&#8217;ibridazione delle specie ed il necessario e conseguente cambiamento del DNA; Malgrado il fatto che fossili di organismi morti da molti milioni di anni possono conservare solo eccezionalmente le parti organiche, per la documentazione gradualistica, cio\u00e8 per l&#8217;esistenza di varie forme di passaggio tra i generi(che nel senso paleontologico sono in realt\u00e0 le migliori specie) \u00e8 possibile dedurre dai cambiamenti morfologici, quando si pu\u00f2 parlare di isolamento riproduttivo. Fermo restando che l&#8217;isolamento \u00e8 sicuro tra i generi di sottofamiglie e famiglie differenti, \u00e8 necessario tenere in considerazione il tempo. In questo caso, quando le differenze sono appoggiate da consistenti cambiamenti morfologici che si verificano passando da una zona biostratigrafica a un&#8217;altra o da un piano ad un altro, l&#8217;isolamento riproduttivo \u00e8 plausibile che sia avvenuto. Ad esempio, si dovrebbe parlare di impossibilit\u00e0 di incrocio tra Hildaites, Hildoceras e Mercaticeras; oppure tra Crassiceras e Merlaites.<\/p>\n<p>Per quel che riguarda il modello degli equilibri intermittenti o puntuati si pu\u00f2 dire che gli ammoniti non lo seguono perch\u00e8 mancano le stasi evolutive e perch\u00e8 esistono numerose forme di transizione (co-variazione), accompagnate da molte altre che di transizione non sono e che sono state il substrato di azione della selezione naturale.<br \/>\nPer quel che riguarda la differenza tra micro e macroevoluzione si pu\u00f2 osservare che, nel caso degli Hildoceratidae toarciani, tale differenza intesa in senso integralistico, offre scarso significato, perch\u00e8 sono implicati i passaggi tra categorie tassonomiche superiori al genere.<\/p>\n","protected":false},"excerpt":{"rendered":"<p>Ad integraziuone delle figura precedente dove c&#8217;\u00e8 la stratigrafia ma mancano le figure dei fossili. la ramificazione \u00e8 la pi\u00f9 completa fino ad ora ricostruita comprendendo 18 generi esistiti in un tempo di circa 4,5 milioni di anni. Le barre verticali che indicano la distribuzione cronologica sono colorate: in giallo gli Hildoceratinae, in azzurro i &hellip;<br \/><a href=\"https:\/\/www.viaggioefossiliappennino.org\/?page_id=133\">Read more <span class=\"meta-nav\">&rarr;<\/span><\/a><\/p>\n","protected":false},"author":1,"featured_media":138,"parent":271,"menu_order":0,"comment_status":"closed","ping_status":"open","template":"","meta":{"footnotes":""},"class_list":["post-133","page","type-page","status-publish","has-post-thumbnail","hentry"],"_links":{"self":[{"href":"https:\/\/www.viaggioefossiliappennino.org\/index.php?rest_route=\/wp\/v2\/pages\/133","targetHints":{"allow":["GET"]}}],"collection":[{"href":"https:\/\/www.viaggioefossiliappennino.org\/index.php?rest_route=\/wp\/v2\/pages"}],"about":[{"href":"https:\/\/www.viaggioefossiliappennino.org\/index.php?rest_route=\/wp\/v2\/types\/page"}],"author":[{"embeddable":true,"href":"https:\/\/www.viaggioefossiliappennino.org\/index.php?rest_route=\/wp\/v2\/users\/1"}],"replies":[{"embeddable":true,"href":"https:\/\/www.viaggioefossiliappennino.org\/index.php?rest_route=%2Fwp%2Fv2%2Fcomments&post=133"}],"version-history":[{"count":5,"href":"https:\/\/www.viaggioefossiliappennino.org\/index.php?rest_route=\/wp\/v2\/pages\/133\/revisions"}],"predecessor-version":[{"id":141,"href":"https:\/\/www.viaggioefossiliappennino.org\/index.php?rest_route=\/wp\/v2\/pages\/133\/revisions\/141"}],"up":[{"embeddable":true,"href":"https:\/\/www.viaggioefossiliappennino.org\/index.php?rest_route=\/wp\/v2\/pages\/271"}],"wp:featuredmedia":[{"embeddable":true,"href":"https:\/\/www.viaggioefossiliappennino.org\/index.php?rest_route=\/wp\/v2\/media\/138"}],"wp:attachment":[{"href":"https:\/\/www.viaggioefossiliappennino.org\/index.php?rest_route=%2Fwp%2Fv2%2Fmedia&parent=133"}],"curies":[{"name":"wp","href":"https:\/\/api.w.org\/{rel}","templated":true}]}}